{"id":3706,"date":"2017-12-08T11:34:17","date_gmt":"2017-12-08T15:34:17","guid":{"rendered":"http:\/\/staging.ibtnetwork.org\/?page_id=3706"},"modified":"2023-07-28T21:24:30","modified_gmt":"2023-07-29T01:24:30","slug":"nous-joindre","status":"publish","type":"page","link":"https:\/\/ibtnetwork.org\/fr\/home\/help\/nous-joindre\/","title":{"rendered":"Nous joindre"},"content":{"rendered":"<p>Pour toute question concernant ce site Web ou votre compte de membre, n&#8217;h\u00e9sitez pas \u00e0 rejoindre notre \u00e9quipe Web \u00e0 <a href=\"mailto:help@ibtnetwork.org\">help@ibtnetwork.org<\/a>.<\/p>\n","protected":false},"excerpt":{"rendered":"<p>There is no summary available for this post.<\/p>\n","protected":false},"author":1,"featured_media":0,"parent":13607,"menu_order":0,"comment_status":"closed","ping_status":"closed","template":"page-templates\/form-page.php","meta":{"footnotes":""},"wf_page_folders":[],"_links":{"self":[{"href":"https:\/\/ibtnetwork.org\/fr\/wp-json\/wp\/v2\/pages\/3706"}],"collection":[{"href":"https:\/\/ibtnetwork.org\/fr\/wp-json\/wp\/v2\/pages"}],"about":[{"href":"https:\/\/ibtnetwork.org\/fr\/wp-json\/wp\/v2\/types\/page"}],"author":[{"embeddable":true,"href":"https:\/\/ibtnetwork.org\/fr\/wp-json\/wp\/v2\/users\/1"}],"replies":[{"embeddable":true,"href":"https:\/\/ibtnetwork.org\/fr\/wp-json\/wp\/v2\/comments?post=3706"}],"version-history":[{"count":1,"href":"https:\/\/ibtnetwork.org\/fr\/wp-json\/wp\/v2\/pages\/3706\/revisions"}],"predecessor-version":[{"id":13594,"href":"https:\/\/ibtnetwork.org\/fr\/wp-json\/wp\/v2\/pages\/3706\/revisions\/13594"}],"up":[{"embeddable":true,"href":"https:\/\/ibtnetwork.org\/fr\/wp-json\/wp\/v2\/pages\/13607"}],"wp:attachment":[{"href":"https:\/\/ibtnetwork.org\/fr\/wp-json\/wp\/v2\/media?parent=3706"}],"wp:term":[{"taxonomy":"wf_page_folders","embeddable":true,"href":"https:\/\/ibtnetwork.org\/fr\/wp-json\/wp\/v2\/wf_page_folders?post=3706"}],"curies":[{"name":"wp","href":"https:\/\/api.w.org\/{rel}","templated":true}]}}